{"id":48,"date":"2021-03-16T19:41:18","date_gmt":"2021-03-16T18:41:18","guid":{"rendered":"https:\/\/frojmark.net\/bibelskolanung\/?page_id=48"},"modified":"2021-03-16T19:47:28","modified_gmt":"2021-03-16T18:47:28","slug":"bibelskolan","status":"publish","type":"page","link":"https:\/\/frojmark.net\/bibelskolanung\/bibelskolan\/","title":{"rendered":"Bibelskolan"},"content":{"rendered":"\n<p>F\u00f6r att komma till <a href=\"http:\/\/www.bibelskolan.com\/cms\/index.php\" data-type=\"URL\" data-id=\"http:\/\/www.bibelskolan.com\/cms\/index.php\">Bibelskolan.com<\/a> klicka p\u00e5 l\u00e4nken!<\/p>\n\n\n\n<hr class=\"wp-block-separator is-style-wide\"\/>\n\n\n\n<div class=\"wp-block-media-text alignwide is-stacked-on-mobile\" style=\"grid-template-columns:39% auto\"><figure class=\"wp-block-media-text__media\"><img loading=\"lazy\" decoding=\"async\" width=\"1024\" height=\"683\" src=\"https:\/\/frojmark.net\/bibelskolanung\/wp-content\/uploads\/2021\/03\/pexels-tima-miroshnichenko-5199810-1-1024x683.jpg\" alt=\"\" class=\"wp-image-141 size-full\" srcset=\"https:\/\/frojmark.net\/bibelskolanung\/wp-content\/uploads\/2021\/03\/pexels-tima-miroshnichenko-5199810-1-1024x683.jpg 1024w, https:\/\/frojmark.net\/bibelskolanung\/wp-content\/uploads\/2021\/03\/pexels-tima-miroshnichenko-5199810-1-300x200.jpg 300w, https:\/\/frojmark.net\/bibelskolanung\/wp-content\/uploads\/2021\/03\/pexels-tima-miroshnichenko-5199810-1-768x512.jpg 768w, https:\/\/frojmark.net\/bibelskolanung\/wp-content\/uploads\/2021\/03\/pexels-tima-miroshnichenko-5199810-1-1536x1024.jpg 1536w, https:\/\/frojmark.net\/bibelskolanung\/wp-content\/uploads\/2021\/03\/pexels-tima-miroshnichenko-5199810-1-90x60.jpg 90w, https:\/\/frojmark.net\/bibelskolanung\/wp-content\/uploads\/2021\/03\/pexels-tima-miroshnichenko-5199810-1-420x280.jpg 420w, https:\/\/frojmark.net\/bibelskolanung\/wp-content\/uploads\/2021\/03\/pexels-tima-miroshnichenko-5199810-1.jpg 1920w\" sizes=\"auto, (max-width: 1024px) 100vw, 1024px\" \/><\/figure><div class=\"wp-block-media-text__content\">\n<p class=\"has-large-font-size\">Bibelskolan<\/p>\n\n\n\n<p>P\u00e5skdagen \u00e5r 2000 fanns bibelskolan.com p\u00e5 n\u00e4tet. Sedan har det bara rullat p\u00e5. Gud tycktes gilla id\u00e9n; skribenter, illustrat\u00f6rer och andra medarbetare har kommit till v\u00e5r hj\u00e4lp &#8211; och forts\u00e4tter att str\u00f6mma till; detta g\u00f6r ocks\u00e5 bes\u00f6karna: 2001 hade vi n\u00e4stan 100.000 bes\u00f6k totalt och nu under 2021 ligger vi p\u00e5 ca 200 bes\u00f6k per dag i genomsnitt.\u00a0<\/p>\n<\/div><\/div>\n\n\n\n<pre class=\"wp-block-verse\">V\u00e5r \u00f6nskan \u00e4r att duka upp ett brett sm\u00f6rg\u00e5sbord f\u00f6r alla s\u00f6kare: bibelokunnig, bibelerfaren, nykristen, gammalkristen, rent av elitkristen eller kanske bara nyfiken p\u00e5 kristen tro - idag finns det \u00e5tskilligt p\u00e5 bordet och mer \u00e4r planerat... Vi tror oss kunna bereda Dig ett gott bes\u00f6k hos oss. V\u00c4LKOMMEN!<\/pre>\n\n\n\n<figure class=\"wp-block-pullquote\"><blockquote><p>Och Josua sade till Israels barn: &#8220;Kom fram hit och h\u00f6r Herrens, er Guds, ord.&#8221;<\/p><cite>Josua 3:9<\/cite><\/blockquote><\/figure>\n\n\n\n<hr class=\"wp-block-separator is-style-dots\"\/>\n\n\n\n<div class=\"wp-block-columns alignfull is-layout-flex wp-container-core-columns-is-layout-9d6595d7 wp-block-columns-is-layout-flex\">\n<div class=\"wp-block-column is-layout-flow wp-block-column-is-layout-flow\" style=\"flex-basis:33.33%\">\n<figure class=\"wp-block-pullquote\"><blockquote><p><\/p><\/blockquote><\/figure>\n\n\n\n<p><\/p>\n<\/div>\n\n\n\n<div class=\"wp-block-column is-layout-flow wp-block-column-is-layout-flow\" style=\"flex-basis:66.66%\">\n<div class=\"wp-block-media-text alignwide has-media-on-the-right is-stacked-on-mobile\"><figure class=\"wp-block-media-text__media\"><\/figure><div class=\"wp-block-media-text__content\">\n<p class=\"has-large-font-size\">Kommande&#8230;<\/p>\n<\/div><\/div>\n<\/div>\n<\/div>\n\n\n\n<p><\/p>\n","protected":false},"excerpt":{"rendered":"<p>F\u00f6r att komma till Bibelskolan.com klicka p\u00e5 l\u00e4nken! Bibelskolan P\u00e5skdagen \u00e5r 2000 fanns bibelskolan.com p\u00e5 n\u00e4tet. Sedan har det bara rullat p\u00e5. Gud tycktes gilla &hellip; <\/p>\n","protected":false},"author":1,"featured_media":0,"parent":0,"menu_order":0,"comment_status":"closed","ping_status":"closed","template":"","meta":{"footnotes":""},"class_list":["post-48","page","type-page","status-publish","hentry"],"_links":{"self":[{"href":"https:\/\/frojmark.net\/bibelskolanung\/wp-json\/wp\/v2\/pages\/48","targetHints":{"allow":["GET"]}}],"collection":[{"href":"https:\/\/frojmark.net\/bibelskolanung\/wp-json\/wp\/v2\/pages"}],"about":[{"href":"https:\/\/frojmark.net\/bibelskolanung\/wp-json\/wp\/v2\/types\/page"}],"author":[{"embeddable":true,"href":"https:\/\/frojmark.net\/bibelskolanung\/wp-json\/wp\/v2\/users\/1"}],"replies":[{"embeddable":true,"href":"https:\/\/frojmark.net\/bibelskolanung\/wp-json\/wp\/v2\/comments?post=48"}],"version-history":[{"count":6,"href":"https:\/\/frojmark.net\/bibelskolanung\/wp-json\/wp\/v2\/pages\/48\/revisions"}],"predecessor-version":[{"id":252,"href":"https:\/\/frojmark.net\/bibelskolanung\/wp-json\/wp\/v2\/pages\/48\/revisions\/252"}],"wp:attachment":[{"href":"https:\/\/frojmark.net\/bibelskolanung\/wp-json\/wp\/v2\/media?parent=48"}],"curies":[{"name":"wp","href":"https:\/\/api.w.org\/{rel}","templated":true}]}}