{"id":46,"date":"2021-03-14T19:54:05","date_gmt":"2021-03-14T18:54:05","guid":{"rendered":"https:\/\/frojmark.net\/bibelskolanung\/?page_id=46"},"modified":"2021-03-23T20:34:13","modified_gmt":"2021-03-23T19:34:13","slug":"bibellasning","status":"publish","type":"page","link":"https:\/\/frojmark.net\/bibelskolanung\/bibellasning\/","title":{"rendered":"Bibell\u00e4sning"},"content":{"rendered":"\n<hr class=\"wp-block-separator\" id=\"block-ceb2cb44-aad6-4bb4-a424-14afd60c817c\"\/>\n\n\n\n<p>L\u00e4ra k\u00e4nna Gud genom hans ord, vad \u00e4r liksom b\u00e4ttre \u00e4n en Bibel?<\/p>\n\n\n\n<hr class=\"wp-block-separator is-style-wide\"\/>\n\n\n\n<div class=\"wp-block-columns alignfull is-layout-flex wp-container-core-columns-is-layout-9d6595d7 wp-block-columns-is-layout-flex\">\n<div class=\"wp-block-column is-layout-flow wp-block-column-is-layout-flow\" style=\"flex-basis:100%\">\n<div class=\"wp-block-media-text is-stacked-on-mobile\" style=\"grid-template-columns:25% auto\"><figure class=\"wp-block-media-text__media\"><img loading=\"lazy\" decoding=\"async\" width=\"300\" height=\"300\" src=\"https:\/\/frojmark.net\/bibelskolanung\/wp-content\/uploads\/2021\/03\/Kors-1.jpg\" alt=\"\" class=\"wp-image-96 size-full\" srcset=\"https:\/\/frojmark.net\/bibelskolanung\/wp-content\/uploads\/2021\/03\/Kors-1.jpg 300w, https:\/\/frojmark.net\/bibelskolanung\/wp-content\/uploads\/2021\/03\/Kors-1-150x150.jpg 150w, https:\/\/frojmark.net\/bibelskolanung\/wp-content\/uploads\/2021\/03\/Kors-1-60x60.jpg 60w\" sizes=\"auto, (max-width: 300px) 100vw, 300px\" \/><\/figure><div class=\"wp-block-media-text__content\">\n<blockquote class=\"wp-block-quote is-layout-flow wp-block-quote-is-layout-flow\"><p>Ty Guds ord \u00e4r levande och verksamt. Det \u00e4r skarpare \u00e4n n\u00e5got tveeggat sv\u00e4rd och tr\u00e4nger igenom, s\u00e5 att det skiljer sj\u00e4l och ande, led och m\u00e4rg, och det \u00e4r en domare \u00f6ver hj\u00e4rtats upps\u00e5t och tankar.<\/p><cite><em>Hebreerbrevet 4:12<\/em><\/cite><\/blockquote>\n<\/div><\/div>\n<\/div>\n<\/div>\n\n\n\n<hr class=\"wp-block-separator is-style-wide\"\/>\n\n\n\n<h2 class=\"wp-block-heading\">L\u00e4s mer om vad andra har att s\u00e4ga!<\/h2>\n\n\n\n<div class=\"wp-block-media-text alignwide is-stacked-on-mobile is-vertically-aligned-center\" style=\"grid-template-columns:26% auto\"><figure class=\"wp-block-media-text__media\"><img loading=\"lazy\" decoding=\"async\" width=\"683\" height=\"1024\" src=\"https:\/\/frojmark.net\/bibelskolanung\/wp-content\/uploads\/2021\/03\/sandy-millar-1wWPziI0bOw-unsplash-683x1024.jpg\" alt=\"\" class=\"wp-image-90 size-full\" srcset=\"https:\/\/frojmark.net\/bibelskolanung\/wp-content\/uploads\/2021\/03\/sandy-millar-1wWPziI0bOw-unsplash-683x1024.jpg 683w, https:\/\/frojmark.net\/bibelskolanung\/wp-content\/uploads\/2021\/03\/sandy-millar-1wWPziI0bOw-unsplash-200x300.jpg 200w, https:\/\/frojmark.net\/bibelskolanung\/wp-content\/uploads\/2021\/03\/sandy-millar-1wWPziI0bOw-unsplash-768x1152.jpg 768w, https:\/\/frojmark.net\/bibelskolanung\/wp-content\/uploads\/2021\/03\/sandy-millar-1wWPziI0bOw-unsplash-1024x1536.jpg 1024w, https:\/\/frojmark.net\/bibelskolanung\/wp-content\/uploads\/2021\/03\/sandy-millar-1wWPziI0bOw-unsplash-1365x2048.jpg 1365w, https:\/\/frojmark.net\/bibelskolanung\/wp-content\/uploads\/2021\/03\/sandy-millar-1wWPziI0bOw-unsplash-40x60.jpg 40w, https:\/\/frojmark.net\/bibelskolanung\/wp-content\/uploads\/2021\/03\/sandy-millar-1wWPziI0bOw-unsplash-scaled.jpg 1707w\" sizes=\"auto, (max-width: 683px) 100vw, 683px\" \/><\/figure><div class=\"wp-block-media-text__content\">\n<p><strong>DET L\u00c4TTA OKET<\/strong><\/p>\n\n\n\n<p>\u201dKom till mig, alla ni som arbetar och b\u00e4r p\u00e5 tunga b\u00f6rdor, s\u00e5 skall jag ge er vila.&nbsp;<strong><sup>&nbsp;<\/sup><\/strong>Ta p\u00e5 er mitt ok och l\u00e4r av mig, ty jag \u00e4r mild och \u00f6dmjuk i hj\u00e4rtat. D\u00e5 skall ni finna ro f\u00f6r era sj\u00e4lar.&nbsp;<strong><sup>&nbsp;<\/sup><\/strong>Ty mitt ok \u00e4r milt, och min b\u00f6rda \u00e4r l\u00e4tt.&#8221; Matteus 11:28-30<\/p>\n\n\n\n<p>I dagens samh\u00e4lle skall allt g\u00e5 fort, det \u00e4r h\u00f6ga krav och mycket h\u00e4nger p\u00e5 en sj\u00e4lv. Det \u00e4r l\u00e4tt att sj\u00e4lvbilden h\u00e4nger p\u00e5 hur bra man sj\u00e4lv presterar, till exempel hur det g\u00e5r i skolan eller vad andra tycker om en. I Matteus evangelium kan vi l\u00e4sa om hur Jesus vill ge oss ro f\u00f6r v\u00e5ra sj\u00e4lar. Hur \u00e4r detta m\u00f6jligt i en s\u00e5 f\u00f6rvirrad v\u00e4rld?<\/p>\n<\/div><\/div>\n\n\n\n<p><strong>Hans frid<\/strong><\/p>\n\n\n\n<p>\u201dFrid l\u00e4mnar jag efter mig \u00e5t er. Min frid ger jag er. Inte ger jag er en s\u00e5dan frid som v\u00e4rlden ger. L\u00e5t inte era hj\u00e4rtan oroas och var inte modl\u00f6sa.\u201d Johannes 14:27<\/p>\n\n\n\n<p>Mitt i en v\u00e4rld d\u00e4r allting stormar runt omkring oss \u00e4r vi inte ensamma. N\u00e4r skoluppgifterna \u00e4r f\u00f6r m\u00e5nga, relationer f\u00f6r tuffa, v\u00e4nnerna emot en och sj\u00e4lvk\u00e4nslan i botten. D\u00e5 \u00e4r Gud p\u00e5 v\u00e5r sida och inte bara det, han ger inte det som v\u00e4rlden ger, han ger frid. Oavsett omst\u00e4ndigheterna kommer han forts\u00e4tta \u00e4lska dig och varje dag \u00e4r han d\u00e4r f\u00f6r dig, f\u00f6r att fylla hela dig med sin frid.&nbsp;<\/p>\n\n\n\n<p><strong>\u00c4r Gud, men ocks\u00e5 m\u00e4nniska<\/strong><\/p>\n\n\n\n<p>\u201dutan avstod fr\u00e5n allt och antog en tj\u00e4nares gestalt d\u00e5 han blev en av oss. N\u00e4r han till det yttre hade blivit m\u00e4nniska\u201d Filipperbrevet 2:7.<\/p>\n\n\n\n<p>V\u00e5r storebror Jesus har gjort detta en g\u00e5ng, han valde bort alla sina r\u00e4ttigheter f\u00f6r att g\u00e5 igenom det som du och jag just nu g\u00e5r igenom. Ett liv i en ofullkomlig v\u00e4rld. Han har burit p\u00e5 tunga b\u00f6rdor, blivit frestad och l\u00e5tit sig pl\u00e5gas. Men d\u00e5 han dog p\u00e5 korset tog han alla v\u00e5ra b\u00f6rdor vi n\u00e5gonsin burit och kommer b\u00e4ra p\u00e5 sig, s\u00e5 att inte vi beh\u00f6ver b\u00e4ra dem sj\u00e4lva l\u00e4ngre.&nbsp;<\/p>\n\n\n\n<p><strong>Det l\u00e4tta oket<\/strong><\/p>\n\n\n\n<p>Jesus s\u00e4ger sj\u00e4lv \u201dmitt ok \u00e4r milt och min b\u00f6rda \u00e4r l\u00e4tt\u201d. Han kallar oss inte att kasta bort alla ok och ge upp. Utan Gud kallar oss till att l\u00e4mna ifr\u00e5n oss v\u00e5rt eget ok (vilket kan st\u00e5 f\u00f6r v\u00e5r vilja att klara av v\u00e4rldens utmaningar p\u00e5 egen hand) och ta p\u00e5 oss hans ok (vilket kan st\u00e5 f\u00f6r hans frid, den Helige Andes kraft). Han kallar dig att forts\u00e4tta vandringen, han har ett unikt uppdrag f\u00f6r dig. Men du \u00e4r inte kallad att vara ensam utan kallad till att vara omsluten av hans frid!<\/p>\n\n\n\n<p><strong>B\u00f6n<\/strong><\/p>\n\n\n\n<p>Gud hj\u00e4lp mig att l\u00e4mna \u00f6ver allt som tynger till dig, tack att du har kontroll och att du vill ge mig din frid, s\u00e5 att jag kan vandra i din takt. Tack f\u00f6r att du mitt i en skakig tid ger oss ro f\u00f6r v\u00e5ra sj\u00e4lar! AMEN.<\/p>\n\n\n\n<p><strong><em>Av: Lova Viklund<\/em><\/strong><\/p>\n\n\n\n<hr class=\"wp-block-separator alignfull is-style-wide\"\/>\n\n\n\n<div class=\"wp-block-media-text alignwide has-media-on-the-right is-stacked-on-mobile\"><figure class=\"wp-block-media-text__media\"><img loading=\"lazy\" decoding=\"async\" width=\"1024\" height=\"682\" src=\"https:\/\/frojmark.net\/bibelskolanung\/wp-content\/uploads\/2021\/03\/wheat-3524864_1280-1024x682.jpg\" alt=\"\" class=\"wp-image-227 size-full\" srcset=\"https:\/\/frojmark.net\/bibelskolanung\/wp-content\/uploads\/2021\/03\/wheat-3524864_1280-1024x682.jpg 1024w, https:\/\/frojmark.net\/bibelskolanung\/wp-content\/uploads\/2021\/03\/wheat-3524864_1280-300x200.jpg 300w, https:\/\/frojmark.net\/bibelskolanung\/wp-content\/uploads\/2021\/03\/wheat-3524864_1280-768x512.jpg 768w, https:\/\/frojmark.net\/bibelskolanung\/wp-content\/uploads\/2021\/03\/wheat-3524864_1280-90x60.jpg 90w, https:\/\/frojmark.net\/bibelskolanung\/wp-content\/uploads\/2021\/03\/wheat-3524864_1280-420x280.jpg 420w, https:\/\/frojmark.net\/bibelskolanung\/wp-content\/uploads\/2021\/03\/wheat-3524864_1280.jpg 1280w\" sizes=\"auto, (max-width: 1024px) 100vw, 1024px\" \/><\/figure><div class=\"wp-block-media-text__content\">\n<p class=\"has-large-font-size\">Vetekornet<\/p>\n\n\n\n<figure class=\"wp-block-pullquote\"><blockquote><p>Sannerligen, jag s\u00e4ger er: om vetekornet inte faller i jorden och d\u00f6r f\u00f6rblir det ett ensamt korn. Men om det d\u00f6r ger det rik sk\u00f6rd.<\/p><cite>Johannesevangeliet 12:24<\/cite><\/blockquote><\/figure>\n<\/div><\/div>\n\n\n\n<p>S\u00e5 h\u00f6r d\u00e5 vad som menas med liknelsen om mannen som s\u00e5dde. Var g\u00e5ng n\u00e5gon h\u00f6r ordet om riket utan att f\u00f6rst\u00e5, kommer den Onde och snappar bort det som har blivit s\u00e5tt i hans hj\u00e4rta. Det \u00e4r s\u00e5dden p\u00e5 v\u00e4gkanten. S\u00e5dden p\u00e5 de steniga st\u00e4llena, det \u00e4r den som h\u00f6r ordet och genast tar emot det med gl\u00e4dje men inte har n\u00e5got rotf\u00e4ste inom sig utan \u00e4r flyktig; blir det lidande och f\u00f6rf\u00f6ljelse f\u00f6r ordets skull kommer han genast p\u00e5 fall. S\u00e5dden bland tistlarna, det \u00e4r den som h\u00f6r ordet, men v\u00e4rldsliga bekymmer och rikedomens lockelser kv\u00e4ver ordet, s\u00e5 att han inte b\u00e4r frukt. Men s\u00e5dden i den goda jorden, det \u00e4r den som h\u00f6r ordet och f\u00f6rst\u00e5r, och han b\u00e4r frukt, hundrafalt och sextiofalt och trettiofalt.\u00ab Matteusevangeliet 13:18-23<\/p>\n\n\n\n<div class=\"wp-block-columns is-layout-flex wp-container-core-columns-is-layout-9d6595d7 wp-block-columns-is-layout-flex\">\n<div class=\"wp-block-column is-layout-flow wp-block-column-is-layout-flow\" style=\"flex-basis:50%\">\n<p><strong><em>Ruben Gellerstedt<\/em><\/strong><\/p>\n\n\n\n<p>Jessika, du slutar aldrig att f\u00f6rv\u00e5na mig. Jag tycker verkligen om texterna tagna i b\u00e5de Johannes och Matteus Evangelium. B\u00e5da har en s\u00e5n bra betydelse som alla kan f\u00f6rst\u00e5. De \u00e4r ocks\u00e5 v\u00e4ldigt bra kopplade och hela textens \u00e4r v\u00e4ldigt sammanh\u00e4ngande.<\/p>\n<\/div>\n\n\n\n<div class=\"wp-block-column is-layout-flow wp-block-column-is-layout-flow\" style=\"flex-basis:50%\">\n<p><strong><em>Linn Eriksson<\/em><\/strong><\/p>\n\n\n\n<p>Jag tolkar detta som att om du h\u00f6r om Gud men inte tar emot det eller inte tror p\u00e5 det s\u00e5 f\u00f6rblir du vetekornet som aldrig faller i marken och d\u00f6r, allts\u00e5, du lever inte vidare p\u00e5 de s\u00e4tt som dem som tar emot Guds ord och vilar p\u00e5 det. Att lita p\u00e5 honom \u00e4r lite som &#8220;att d\u00f6&#8221; d\u00e5 du sj\u00e4lv sl\u00e4pper kontrollen och l\u00e5ter honom ta \u00f6ver. S\u00e5 om vi &#8220;d\u00f6r&#8221; ger vi rik sk\u00f6rd, vi f\u00e5r allts\u00e5 bara ut positiva saker fr\u00e5n det!<\/p>\n<\/div>\n<\/div>\n\n\n\n<hr class=\"wp-block-separator is-style-wide\"\/>\n\n\n\n<p><strong><em>Hanna Simonsson<\/em><\/strong><\/p>\n\n\n\n<p>Har du n\u00e5gon g\u00e5ng varit med om att g\u00f6ra en felskrivning p\u00e5 telefonen och sedan tryckt p\u00e5 s\u00e4nd? Min lista kan g\u00f6ras l\u00e5ng av dr\u00e5pliga misstag. Fel ord till fel person kan bli pinsamt.<br>Ett ord som min mobil skriver om med AutoCorrect \u00e4r \u201df\u00f6rsamling\u201d som ist\u00e4llet blir \u201dfr\u00f6samling\u201d.&nbsp; Men ju mer jag t\u00e4nker p\u00e5 det ordet desto mer tycker jag om tanken kring det. En f\u00f6rsamling b\u00f6r vara en fr\u00f6samling, och en fr\u00f6samling blir inte en planta med en g\u00e5ng, utan det kr\u00e4vs ett arbete och att man v\u00e5rdar fr\u00f6et s\u00e5 det f\u00e5r v\u00e4xa.&nbsp;<\/p>\n\n\n\n<p><em>Men s\u00e5dden i den goda jorden, det \u00e4r den som h\u00f6r ordet och f\u00f6rst\u00e5r, och han b\u00e4r frukt, hundrafalt och sextiofalt och trettiofalt, <\/em>matt 13:23. Det hela handlar om att lyssna v\u00e4l och ta till sig det som s\u00e4gs, och i detta fall g\u00e4ller det Guds ord. Gud, vars v\u00e4sen \u00e4r k\u00e4rlek och som alltid vill oss v\u00e4l. Ofta anv\u00e4nder man en bild av en f\u00f6r\u00e4lder n\u00e4r man vill f\u00f6rklara Gud. En f\u00f6r\u00e4lder kan s\u00e4ga \u00e5t sitt barn att noga titta \u00f6ver v\u00e4gen innan man g\u00e5r \u00f6ver. Varf\u00f6r? Jo, eftersom det \u00e4r farligt att g\u00e5 \u00f6ver v\u00e4gen, inte f\u00f6r att barnet kanske \u00e4r slarvigt, utan f\u00f6r att man inte vet hur f\u00f6raren \u00e4r i bilen. Att kolla noga innan man g\u00e5r \u00f6ver \u00e4r viktigt. Men bara f\u00f6r att det s\u00e4gs en g\u00e5ng beh\u00f6ver inte det inneb\u00e4ra att barnet sedan kommer ih\u00e5g det varje g\u00e5ng efter det. En f\u00f6r\u00e4lder m\u00e5ste p\u00e5minna, v\u00e5rda och l\u00e4gga ner ett arbete s\u00e5 att barnet blir b\u00e4ttre och b\u00e4ttre p\u00e5 att komma ih\u00e5g.&nbsp;<\/p>\n\n\n\n<p>Samma \u00e4r det f\u00f6r oss och Guds ord. Texten vi m\u00f6ter i Matteusevangeliet talar om vikten att h\u00f6ra Guds ord, och ta emot det. Landar ordet fel eller lyssnar vi inte blir det ingen s\u00e5dd av det. \u00c4ven om vi faktiskt tar emot Guds ord, och f\u00f6rst\u00e5r hans vilja f\u00f6r oss s\u00e5 betyder inte det att fr\u00f6et, eller plantan, v\u00e4xer av sig sj\u00e4lv efter det. Vi beh\u00f6ver g\u00e5ng p\u00e5 g\u00e5ng h\u00f6ra Guds ord, be om f\u00f6rl\u00e5telse, p\u00e5minna oss om att vara mot andra s\u00e5 som Jesus visade oss en g\u00e5ng. Utifr\u00e5n detta st\u00e4ndiga arbete s\u00e5 b\u00e4r det frukt som sedan f\u00e5r ges till m\u00e5nga.&nbsp;<\/p>\n\n\n\n<p>Man brukar s\u00e4ga att fr\u00e4lsningen, allts\u00e5 n\u00e4r man tog emot Jesus i sitt liv, \u00e4r ett st\u00e4ndigt arbete, ett dagligt arbete, precis som att v\u00e5rda en fr\u00f6samling s\u00e5 det f\u00e5r bli sm\u00e5 plantor. I det arbetet, f\u00e5r vi h\u00f6ra Guds ord varje dag.&nbsp;<\/p>\n\n\n\n<hr class=\"wp-block-separator alignfull is-style-wide\"\/>\n\n\n\n<h2 class=\"wp-block-heading\">VAR INTE R\u00c4DDA!<\/h2>\n\n\n\n<pre class=\"wp-block-verse\">\u201cTill er, mina v\u00e4nner, s\u00e4ger jag: Var inte r\u00e4dda f\u00f6r dem som d\u00f6dar kroppen och sedan inte kan g\u00f6ra mer. Jag ska visa er vem ni ska frukta: Frukta honom som har makt att d\u00f6da och sedan kasta i Gehenna . Ja, jag s\u00e4ger er: Honom ska ni frukta. S\u00e4ljs inte fem sparvar f\u00f6r tv\u00e5 kopparmynt ? Och inte en enda av dem \u00e4r gl\u00f6md inf\u00f6r Gud.&nbsp; Ja, till och med alla h\u00e5rstr\u00e5n p\u00e5 ert huvud \u00e4r r\u00e4knade. Var inte r\u00e4dda! Ni \u00e4r mer v\u00e4rda \u00e4n m\u00e5nga sparvar.\nLukasevangeliet 12:4\u202d-\u202c7<\/pre>\n\n\n\n<div class=\"wp-block-columns is-layout-flex wp-container-core-columns-is-layout-9d6595d7 wp-block-columns-is-layout-flex\">\n<div class=\"wp-block-column is-layout-flow wp-block-column-is-layout-flow\" style=\"flex-basis:100%\">\n<p>Nu finns det m\u00e5nga som k\u00e4nner oro och r\u00e4dsla. R\u00e4dsla och oro f\u00f6r hur framtiden ska se ut, hur tillvaron \u00e4r, hur ens n\u00e4ra och k\u00e4ra ska m\u00e5, hur man sj\u00e4lv ska komma fram i livet och orka osv, osv. Det finns S\u00c5 mycket att oroa sig f\u00f6r. MEN mitt i oron finns det RO, en ro vi kan ha i Gud. Som det st\u00e5r i texten, att den enda ni ska frukta \u00e4r Gud, inte n\u00f6dv\u00e4ndigtvis vara r\u00e4dda f\u00f6r Gud, utan mer ha en respekt, som en f\u00f6r\u00e4lder som kan bli besviken, arg och ledsen f\u00f6r n\u00e5got dumt du gjort. Men ocks\u00e5 tr\u00f6sta och gl\u00e4djas med dig genom livet. Och vet du vad!, Gud \u00e4lskar dig s\u00e5 mycket, s\u00e5 mycket att han tillochmed har r\u00e4knat varenda h\u00e5rstr\u00e5 p\u00e5 ditt huvud. S\u00e5 n\u00e5gon som har skapat dig, \u00c4LSKAR DIG och har s\u00e5 pass mycket t\u00e5lamod att han r\u00e4knat varenda ett av dina h\u00e5rstr\u00e5n p\u00e5 huvudet. De kallar jag f\u00f6r fr\u00e4lsare.<\/p>\n<\/div>\n\n\n\n<div class=\"wp-block-column is-layout-flow wp-block-column-is-layout-flow\" style=\"flex-basis:50%\">\n<div class=\"wp-block-image\"><figure class=\"aligncenter size-large\"><img loading=\"lazy\" decoding=\"async\" width=\"639\" height=\"853\" src=\"https:\/\/frojmark.net\/bibelskolanung\/wp-content\/uploads\/2021\/03\/cross-2464934_1280-1-edited-1.jpg\" alt=\"\" class=\"wp-image-336\" srcset=\"https:\/\/frojmark.net\/bibelskolanung\/wp-content\/uploads\/2021\/03\/cross-2464934_1280-1-edited-1.jpg 639w, https:\/\/frojmark.net\/bibelskolanung\/wp-content\/uploads\/2021\/03\/cross-2464934_1280-1-edited-1-225x300.jpg 225w, https:\/\/frojmark.net\/bibelskolanung\/wp-content\/uploads\/2021\/03\/cross-2464934_1280-1-edited-1-45x60.jpg 45w\" sizes=\"auto, (max-width: 639px) 100vw, 639px\" \/><\/figure><\/div>\n<\/div>\n<\/div>\n\n\n\n<h2 class=\"wp-block-heading\"><strong>Honom kallar jag Fr\u00e4lsaren<\/strong><\/h2>\n\n\n\n<p><strong><em>Av: Mirjam S\u00f6reke<\/em><\/strong><\/p>\n","protected":false},"excerpt":{"rendered":"<p>L\u00e4ra k\u00e4nna Gud genom hans ord, vad \u00e4r liksom b\u00e4ttre \u00e4n en Bibel? Ty Guds ord \u00e4r levande och verksamt. Det \u00e4r skarpare \u00e4n n\u00e5got &hellip; <\/p>\n","protected":false},"author":1,"featured_media":0,"parent":0,"menu_order":0,"comment_status":"closed","ping_status":"closed","template":"","meta":{"footnotes":""},"class_list":["post-46","page","type-page","status-publish","hentry"],"_links":{"self":[{"href":"https:\/\/frojmark.net\/bibelskolanung\/wp-json\/wp\/v2\/pages\/46","targetHints":{"allow":["GET"]}}],"collection":[{"href":"https:\/\/frojmark.net\/bibelskolanung\/wp-json\/wp\/v2\/pages"}],"about":[{"href":"https:\/\/frojmark.net\/bibelskolanung\/wp-json\/wp\/v2\/types\/page"}],"author":[{"embeddable":true,"href":"https:\/\/frojmark.net\/bibelskolanung\/wp-json\/wp\/v2\/users\/1"}],"replies":[{"embeddable":true,"href":"https:\/\/frojmark.net\/bibelskolanung\/wp-json\/wp\/v2\/comments?post=46"}],"version-history":[{"count":14,"href":"https:\/\/frojmark.net\/bibelskolanung\/wp-json\/wp\/v2\/pages\/46\/revisions"}],"predecessor-version":[{"id":339,"href":"https:\/\/frojmark.net\/bibelskolanung\/wp-json\/wp\/v2\/pages\/46\/revisions\/339"}],"wp:attachment":[{"href":"https:\/\/frojmark.net\/bibelskolanung\/wp-json\/wp\/v2\/media?parent=46"}],"curies":[{"name":"wp","href":"https:\/\/api.w.org\/{rel}","templated":true}]}}