{"id":370,"date":"2021-12-05T09:50:00","date_gmt":"2021-12-05T08:50:00","guid":{"rendered":"https:\/\/frojmark.net\/bibelskolanung\/?page_id=370"},"modified":"2021-12-04T22:10:18","modified_gmt":"2021-12-04T21:10:18","slug":"mirjam-larsson","status":"publish","type":"page","link":"https:\/\/frojmark.net\/bibelskolanung\/mirjam-larsson\/","title":{"rendered":"Mirjam Larsson"},"content":{"rendered":"\n<p>Namn Efternamn&nbsp; = Mirjam Larsson<\/p>\n\n\n\n<p>Vilken skola g\u00e5r du p\u00e5? Chalmers Tekniska H\u00f6gskola<\/p>\n\n\n\n<p>Vad g\u00f6r du p\u00e5 fritiden? Jag gillar att vandra, greja i tr\u00e4dg\u00e5rden, tr\u00e4na och att ha kreativa projekt. Men min st\u00f6rsta passion \u00e4r att l\u00e4ra k\u00e4nna Jesus mer.<\/p>\n\n\n\n<p>\u00d6gonf\u00e4rg? Bl\u00e5<\/p>\n\n\n\n<p>Vilken f\u00e4rg p\u00e5 tandborste har du? Lila och r\u00f6d<\/p>\n\n\n\n<p>Favoritf\u00e4rg? Bl\u00e5<\/p>\n\n\n\n<p>Favoritbibelord? Psalm 23<\/p>\n\n\n\n<p>N\u00e5got annat kul att veta om dig? Jag kan b\u00f6ja den \u00f6versta delen av pekfingret, medan resten av fingret \u00e4r rakt. hihihi<\/p>\n","protected":false},"excerpt":{"rendered":"<p>Namn Efternamn&nbsp; = Mirjam Larsson Vilken skola g\u00e5r du p\u00e5? Chalmers Tekniska H\u00f6gskola Vad g\u00f6r du p\u00e5 fritiden? Jag gillar att vandra, greja i tr\u00e4dg\u00e5rden, &hellip; <\/p>\n","protected":false},"author":1,"featured_media":0,"parent":0,"menu_order":0,"comment_status":"closed","ping_status":"closed","template":"","meta":{"footnotes":""},"class_list":["post-370","page","type-page","status-publish","hentry"],"_links":{"self":[{"href":"https:\/\/frojmark.net\/bibelskolanung\/wp-json\/wp\/v2\/pages\/370","targetHints":{"allow":["GET"]}}],"collection":[{"href":"https:\/\/frojmark.net\/bibelskolanung\/wp-json\/wp\/v2\/pages"}],"about":[{"href":"https:\/\/frojmark.net\/bibelskolanung\/wp-json\/wp\/v2\/types\/page"}],"author":[{"embeddable":true,"href":"https:\/\/frojmark.net\/bibelskolanung\/wp-json\/wp\/v2\/users\/1"}],"replies":[{"embeddable":true,"href":"https:\/\/frojmark.net\/bibelskolanung\/wp-json\/wp\/v2\/comments?post=370"}],"version-history":[{"count":2,"href":"https:\/\/frojmark.net\/bibelskolanung\/wp-json\/wp\/v2\/pages\/370\/revisions"}],"predecessor-version":[{"id":376,"href":"https:\/\/frojmark.net\/bibelskolanung\/wp-json\/wp\/v2\/pages\/370\/revisions\/376"}],"wp:attachment":[{"href":"https:\/\/frojmark.net\/bibelskolanung\/wp-json\/wp\/v2\/media?parent=370"}],"curies":[{"name":"wp","href":"https:\/\/api.w.org\/{rel}","templated":true}]}}