{"id":360,"date":"2021-06-21T07:38:01","date_gmt":"2021-06-21T05:38:01","guid":{"rendered":"https:\/\/frojmark.net\/bibelskolanung\/?page_id=360"},"modified":"2021-06-21T07:38:02","modified_gmt":"2021-06-21T05:38:02","slug":"elsa-johnsson","status":"publish","type":"page","link":"https:\/\/frojmark.net\/bibelskolanung\/elsa-johnsson\/","title":{"rendered":"Elsa Johnsson"},"content":{"rendered":"\n<p>Jag heter Elsa Johnsson&nbsp;<\/p>\n\n\n\n<p>Jag \u00e4r f\u00f6dd 2004 7 April<\/p>\n\n\n\n<p>Jag g\u00e5r p\u00e5 Ester Mosessons Gymnasium p\u00e5 Lindholmen.&nbsp;<\/p>\n\n\n\n<p>P\u00e5 fritiden lagar jag mat\/ bakar. pysslar. och h\u00e5ller p\u00e5 med musik.<\/p>\n\n\n\n<p>Min \u00f6gonf\u00e4rg \u00e4r typ gr\u00e5bl\u00e5.<\/p>\n\n\n\n<p>Min tandborste \u00e4r oftast lila.<\/p>\n\n\n\n<p>Favoritf\u00e4rg \u00e4r rosa och lila.&nbsp;<\/p>\n\n\n\n<p>Mitt favorit bibelord \u00c4r: filipperbrevet 4:13. &#8221; Allt f\u00f6rm\u00e5r jag genom honom som ger mig kraft&#8221;<\/p>\n\n\n\n<p>Jag har tr\u00e4ffat Tomas Ravelli.<\/p>\n","protected":false},"excerpt":{"rendered":"<p>Jag heter Elsa Johnsson&nbsp; Jag \u00e4r f\u00f6dd 2004 7 April Jag g\u00e5r p\u00e5 Ester Mosessons Gymnasium p\u00e5 Lindholmen.&nbsp; P\u00e5 fritiden lagar jag mat\/ bakar. pysslar. &hellip; <\/p>\n","protected":false},"author":1,"featured_media":0,"parent":0,"menu_order":0,"comment_status":"closed","ping_status":"closed","template":"","meta":{"footnotes":""},"class_list":["post-360","page","type-page","status-publish","hentry"],"_links":{"self":[{"href":"https:\/\/frojmark.net\/bibelskolanung\/wp-json\/wp\/v2\/pages\/360","targetHints":{"allow":["GET"]}}],"collection":[{"href":"https:\/\/frojmark.net\/bibelskolanung\/wp-json\/wp\/v2\/pages"}],"about":[{"href":"https:\/\/frojmark.net\/bibelskolanung\/wp-json\/wp\/v2\/types\/page"}],"author":[{"embeddable":true,"href":"https:\/\/frojmark.net\/bibelskolanung\/wp-json\/wp\/v2\/users\/1"}],"replies":[{"embeddable":true,"href":"https:\/\/frojmark.net\/bibelskolanung\/wp-json\/wp\/v2\/comments?post=360"}],"version-history":[{"count":1,"href":"https:\/\/frojmark.net\/bibelskolanung\/wp-json\/wp\/v2\/pages\/360\/revisions"}],"predecessor-version":[{"id":361,"href":"https:\/\/frojmark.net\/bibelskolanung\/wp-json\/wp\/v2\/pages\/360\/revisions\/361"}],"wp:attachment":[{"href":"https:\/\/frojmark.net\/bibelskolanung\/wp-json\/wp\/v2\/media?parent=360"}],"curies":[{"name":"wp","href":"https:\/\/api.w.org\/{rel}","templated":true}]}}