{"id":344,"date":"2021-03-31T17:35:57","date_gmt":"2021-03-31T15:35:57","guid":{"rendered":"https:\/\/frojmark.net\/bibelskolanung\/?page_id=344"},"modified":"2021-03-31T17:36:43","modified_gmt":"2021-03-31T15:36:43","slug":"jonatan-lindeskog","status":"publish","type":"page","link":"https:\/\/frojmark.net\/bibelskolanung\/jonatan-lindeskog\/","title":{"rendered":"Jonatan Lindeskog"},"content":{"rendered":"\n<p>F\u00f6ddes 1993<\/p>\n\n\n\n<p>G\u00e5r myndigheten f\u00f6r samh\u00e4llsskydd och beredskap, MSB (yrkesutbildning till brandman)&nbsp;<\/p>\n\n\n\n<p>Tr\u00e4nar och spelar gitarr p\u00e5 fritiden<\/p>\n\n\n\n<p>Min \u00f6gonf\u00e4rg \u00e4r bl\u00e5, min tandborste \u00e4r bl\u00e5 och min favoritf\u00e4rg \u00e4r bl\u00e5.<\/p>\n\n\n\n<p>Favoritbibelord: <\/p>\n\n\n\n<blockquote class=\"wp-block-quote is-style-default is-layout-flow wp-block-quote-is-layout-flow\"><p>Men Gud bevisar sin k\u00e4rlek till oss genom att Kristus dog f\u00f6r oss medan vi \u00e4nnu var syndare.<\/p><cite>Romarbrevet 5:8<\/cite><\/blockquote>\n\n\n\n<p>N\u00e5got annat roligt \u00e4r att jag har flyttat 8 g\u00e5nger i mitt liv (kanske inte s\u00e5 kul men kommer inte p\u00e5 n\u00e5t roligare)<\/p>\n","protected":false},"excerpt":{"rendered":"<p>F\u00f6ddes 1993 G\u00e5r myndigheten f\u00f6r samh\u00e4llsskydd och beredskap, MSB (yrkesutbildning till brandman)&nbsp; Tr\u00e4nar och spelar gitarr p\u00e5 fritiden Min \u00f6gonf\u00e4rg \u00e4r bl\u00e5, min tandborste \u00e4r &hellip; <\/p>\n","protected":false},"author":1,"featured_media":0,"parent":0,"menu_order":0,"comment_status":"closed","ping_status":"closed","template":"","meta":{"footnotes":""},"class_list":["post-344","page","type-page","status-publish","hentry"],"_links":{"self":[{"href":"https:\/\/frojmark.net\/bibelskolanung\/wp-json\/wp\/v2\/pages\/344","targetHints":{"allow":["GET"]}}],"collection":[{"href":"https:\/\/frojmark.net\/bibelskolanung\/wp-json\/wp\/v2\/pages"}],"about":[{"href":"https:\/\/frojmark.net\/bibelskolanung\/wp-json\/wp\/v2\/types\/page"}],"author":[{"embeddable":true,"href":"https:\/\/frojmark.net\/bibelskolanung\/wp-json\/wp\/v2\/users\/1"}],"replies":[{"embeddable":true,"href":"https:\/\/frojmark.net\/bibelskolanung\/wp-json\/wp\/v2\/comments?post=344"}],"version-history":[{"count":2,"href":"https:\/\/frojmark.net\/bibelskolanung\/wp-json\/wp\/v2\/pages\/344\/revisions"}],"predecessor-version":[{"id":347,"href":"https:\/\/frojmark.net\/bibelskolanung\/wp-json\/wp\/v2\/pages\/344\/revisions\/347"}],"wp:attachment":[{"href":"https:\/\/frojmark.net\/bibelskolanung\/wp-json\/wp\/v2\/media?parent=344"}],"curies":[{"name":"wp","href":"https:\/\/api.w.org\/{rel}","templated":true}]}}