{"id":326,"date":"2021-03-23T20:11:42","date_gmt":"2021-03-23T19:11:42","guid":{"rendered":"https:\/\/frojmark.net\/bibelskolanung\/?page_id=326"},"modified":"2021-03-23T20:11:42","modified_gmt":"2021-03-23T19:11:42","slug":"mirjam-soreke","status":"publish","type":"page","link":"https:\/\/frojmark.net\/bibelskolanung\/mirjam-soreke\/","title":{"rendered":"Mirjam S\u00f6reke"},"content":{"rendered":"\n<p>Jag heter Mirjam S\u00f6reke och \u00e4r f\u00f6dd 2003 i en lite plutt by. Just nu g\u00e5r jag Gymnasiet &#8211; Katedralskolan i V\u00e4xj\u00f6 (g\u00e5r en estetlinje d\u00e4r). P\u00e5 fritiden g\u00f6r jag vad jag k\u00e4nner f\u00f6r. Kanske inte s\u00e4ger s\u00e5 mycket men det kan vara allt fr\u00e5n att springa, g\u00e5 i skogen, plantera en v\u00e4xt, m\u00e5la en tavla, till att bara kolla p\u00e5 serier eller l\u00e4sa en bok. \u00d6gonf\u00e4rg: lite sv\u00e5rt tror jag har typ gr\u00e5, bl\u00e5 ish och lite lite brun gult i mitten. Hahah vilken f\u00e4rg p\u00e5 tandborste, en klassiker. Just nu bl\u00e5 men de varierar. Favoritf\u00e4rg: typ alla men om jag ska ha p\u00e5 mig det \u00e4r det oftast i lite dovare f\u00e4rger som rost orange, vinr\u00f6tt, mossgr\u00f6nt, marinbl\u00e5tt och svart, vitt o gr\u00e5tt. Favoritbibelord: Lite sv\u00e5rt de med, tycker att det finns v\u00e4ldigt m\u00e5nga bra bibelord och att olika bibelord kan passa in i olika tider i en liv. Men 1 joh 3:1, Rom 8:31, joh 3:16, 1 kor 13:13 och luk 12:4-7 \u00e4r lite extra bra. (Men det finns s\u00e5klart m\u00e5nga m\u00e5nga fler som \u00e4r nice). N\u00e5got kul att veta om mig? Hehe, de finns s\u00e4kert n\u00e5got men kommer inte riktigt p\u00e5 vad.<\/p>\n","protected":false},"excerpt":{"rendered":"<p>Jag heter Mirjam S\u00f6reke och \u00e4r f\u00f6dd 2003 i en lite plutt by. Just nu g\u00e5r jag Gymnasiet &#8211; Katedralskolan i V\u00e4xj\u00f6 (g\u00e5r en estetlinje &hellip; <\/p>\n","protected":false},"author":1,"featured_media":0,"parent":0,"menu_order":0,"comment_status":"closed","ping_status":"closed","template":"","meta":{"footnotes":""},"class_list":["post-326","page","type-page","status-publish","hentry"],"_links":{"self":[{"href":"https:\/\/frojmark.net\/bibelskolanung\/wp-json\/wp\/v2\/pages\/326","targetHints":{"allow":["GET"]}}],"collection":[{"href":"https:\/\/frojmark.net\/bibelskolanung\/wp-json\/wp\/v2\/pages"}],"about":[{"href":"https:\/\/frojmark.net\/bibelskolanung\/wp-json\/wp\/v2\/types\/page"}],"author":[{"embeddable":true,"href":"https:\/\/frojmark.net\/bibelskolanung\/wp-json\/wp\/v2\/users\/1"}],"replies":[{"embeddable":true,"href":"https:\/\/frojmark.net\/bibelskolanung\/wp-json\/wp\/v2\/comments?post=326"}],"version-history":[{"count":1,"href":"https:\/\/frojmark.net\/bibelskolanung\/wp-json\/wp\/v2\/pages\/326\/revisions"}],"predecessor-version":[{"id":327,"href":"https:\/\/frojmark.net\/bibelskolanung\/wp-json\/wp\/v2\/pages\/326\/revisions\/327"}],"wp:attachment":[{"href":"https:\/\/frojmark.net\/bibelskolanung\/wp-json\/wp\/v2\/media?parent=326"}],"curies":[{"name":"wp","href":"https:\/\/api.w.org\/{rel}","templated":true}]}}