{"id":316,"date":"2021-03-23T12:42:52","date_gmt":"2021-03-23T11:42:52","guid":{"rendered":"https:\/\/frojmark.net\/bibelskolanung\/?page_id=316"},"modified":"2021-03-23T12:49:17","modified_gmt":"2021-03-23T11:49:17","slug":"hanna-simonsson","status":"publish","type":"page","link":"https:\/\/frojmark.net\/bibelskolanung\/hanna-simonsson\/","title":{"rendered":"Hanna Simonsson"},"content":{"rendered":"\n<p>F\u00f6dd: 1991&nbsp;<\/p>\n\n\n\n<p>Jag jobbar med Oasr\u00f6relsen.&nbsp;<\/p>\n\n\n\n<p>Jag syr, l\u00e4ser, k\u00f6r hoj, \u00e4r med v\u00e4nner och mycket annat p\u00e5 min lediga tid.&nbsp;<\/p>\n\n\n\n<p>Gr\u00f6n\/gr\u00e5 \u00f6gonf\u00e4rg<\/p>\n\n\n\n<p>Just nu \u00e4r min tandborste bl\u00e5 (viktigt att den matchar tandkr\u00e4mstuber)\u00a0<\/p>\n\n\n\n<p>Favoritf\u00e4rger \u00e4r svart och gul, h\u00f6stgul liksom.&nbsp;<\/p>\n\n\n\n<p>Favoritbibelord har jag inget, men jag gillar sackeus, luk 19:4.<\/p>\n\n\n\n<p>N\u00e5got annat roligt om mig&#8230; hm.. ofta triggas jag av utmaningar och att om jag k\u00e4nner \u201dnej det vill jag inte\u201d s\u00e5 g\u00f6r jag det \u00e4nd\u00e5 pga utmaning.<\/p>\n","protected":false},"excerpt":{"rendered":"<p>F\u00f6dd: 1991&nbsp; Jag jobbar med Oasr\u00f6relsen.&nbsp; Jag syr, l\u00e4ser, k\u00f6r hoj, \u00e4r med v\u00e4nner och mycket annat p\u00e5 min lediga tid.&nbsp; Gr\u00f6n\/gr\u00e5 \u00f6gonf\u00e4rg Just nu &hellip; <\/p>\n","protected":false},"author":1,"featured_media":0,"parent":0,"menu_order":0,"comment_status":"closed","ping_status":"closed","template":"","meta":{"footnotes":""},"class_list":["post-316","page","type-page","status-publish","hentry"],"_links":{"self":[{"href":"https:\/\/frojmark.net\/bibelskolanung\/wp-json\/wp\/v2\/pages\/316","targetHints":{"allow":["GET"]}}],"collection":[{"href":"https:\/\/frojmark.net\/bibelskolanung\/wp-json\/wp\/v2\/pages"}],"about":[{"href":"https:\/\/frojmark.net\/bibelskolanung\/wp-json\/wp\/v2\/types\/page"}],"author":[{"embeddable":true,"href":"https:\/\/frojmark.net\/bibelskolanung\/wp-json\/wp\/v2\/users\/1"}],"replies":[{"embeddable":true,"href":"https:\/\/frojmark.net\/bibelskolanung\/wp-json\/wp\/v2\/comments?post=316"}],"version-history":[{"count":3,"href":"https:\/\/frojmark.net\/bibelskolanung\/wp-json\/wp\/v2\/pages\/316\/revisions"}],"predecessor-version":[{"id":324,"href":"https:\/\/frojmark.net\/bibelskolanung\/wp-json\/wp\/v2\/pages\/316\/revisions\/324"}],"wp:attachment":[{"href":"https:\/\/frojmark.net\/bibelskolanung\/wp-json\/wp\/v2\/media?parent=316"}],"curies":[{"name":"wp","href":"https:\/\/api.w.org\/{rel}","templated":true}]}}