{"id":307,"date":"2021-03-19T15:03:28","date_gmt":"2021-03-19T14:03:28","guid":{"rendered":"https:\/\/frojmark.net\/bibelskolanung\/?page_id=307"},"modified":"2021-03-19T15:10:02","modified_gmt":"2021-03-19T14:10:02","slug":"william-leffler","status":"publish","type":"page","link":"https:\/\/frojmark.net\/bibelskolanung\/william-leffler\/","title":{"rendered":"William Leffler"},"content":{"rendered":"\n<p>Tjaa, heter William Leffler och \u00e4r f\u00f6dd \u00e5r 2004.<\/p>\n\n\n\n<p>Jag g\u00e5r p\u00e5 Peder skrivares (PS) gymnasieskola i Varberg.<\/p>\n\n\n\n<p>P\u00e5 fritiden gillar jag att spela fotboll, bada, \u00e5ka skidor och chilla typ. Jag har brun\u00f6gonf\u00e4rg och min tandborste \u00e4r vit och rosa. Dock s\u00e5 \u00e4r favoritf\u00e4rgen s\u00e5klart bl\u00e5! B\u00e4sta kombon \u00e4r bl\u00e5vitt.&nbsp;<\/p>\n\n\n\n<p>Det finns m\u00e5nga goa bibelord s\u00e5 har nog ingen favorit men en jag gillar \u00e4r fr\u00e5n Galaterbrevet 6:9<\/p>\n\n\n\n<pre class=\"wp-block-verse\">\"L\u00e5t oss inte tr\u00f6ttna p\u00e5 att g\u00f6ra det som \u00e4r gott, f\u00f6r vi ska i sinom tid f\u00e5 sk\u00f6rda, bara vi inte ger upp.\"&nbsp;<\/pre>\n\n\n\n<p>Hmm, ass\u00e5 n\u00e5t annat roligt att veta om mig, om jag ska s\u00e4ga n\u00e5got \u00e4r det la att n\u00e4r jag spelar kan jag bli fett lack. Det gillar jag dock inte.<\/p>\n","protected":false},"excerpt":{"rendered":"<p>Tjaa, heter William Leffler och \u00e4r f\u00f6dd \u00e5r 2004. Jag g\u00e5r p\u00e5 Peder skrivares (PS) gymnasieskola i Varberg. P\u00e5 fritiden gillar jag att spela fotboll, &hellip; <\/p>\n","protected":false},"author":1,"featured_media":0,"parent":0,"menu_order":0,"comment_status":"closed","ping_status":"closed","template":"","meta":{"footnotes":""},"class_list":["post-307","page","type-page","status-publish","hentry"],"_links":{"self":[{"href":"https:\/\/frojmark.net\/bibelskolanung\/wp-json\/wp\/v2\/pages\/307","targetHints":{"allow":["GET"]}}],"collection":[{"href":"https:\/\/frojmark.net\/bibelskolanung\/wp-json\/wp\/v2\/pages"}],"about":[{"href":"https:\/\/frojmark.net\/bibelskolanung\/wp-json\/wp\/v2\/types\/page"}],"author":[{"embeddable":true,"href":"https:\/\/frojmark.net\/bibelskolanung\/wp-json\/wp\/v2\/users\/1"}],"replies":[{"embeddable":true,"href":"https:\/\/frojmark.net\/bibelskolanung\/wp-json\/wp\/v2\/comments?post=307"}],"version-history":[{"count":2,"href":"https:\/\/frojmark.net\/bibelskolanung\/wp-json\/wp\/v2\/pages\/307\/revisions"}],"predecessor-version":[{"id":313,"href":"https:\/\/frojmark.net\/bibelskolanung\/wp-json\/wp\/v2\/pages\/307\/revisions\/313"}],"wp:attachment":[{"href":"https:\/\/frojmark.net\/bibelskolanung\/wp-json\/wp\/v2\/media?parent=307"}],"curies":[{"name":"wp","href":"https:\/\/api.w.org\/{rel}","templated":true}]}}