{"id":223,"date":"2021-03-16T18:21:02","date_gmt":"2021-03-16T17:21:02","guid":{"rendered":"https:\/\/frojmark.net\/bibelskolanung\/?page_id=223"},"modified":"2021-03-16T18:21:03","modified_gmt":"2021-03-16T17:21:03","slug":"alve-lundstrom","status":"publish","type":"page","link":"https:\/\/frojmark.net\/bibelskolanung\/alve-lundstrom\/","title":{"rendered":"Alve Lundstr\u00f6m"},"content":{"rendered":"\n<p>Vilket \u00e5r \u00e4r du f\u00f6dd? 2004<\/p>\n\n\n\n<p>Vilken skola g\u00e5r du p\u00e5? TIS UDDEVALLA<\/p>\n\n\n\n<p>Vad g\u00f6r du p\u00e5 fritiden? NON<\/p>\n\n\n\n<p>\u00d6gonf\u00e4rg?R\u00c5SA<\/p>\n\n\n\n<p>Vilken f\u00e4rg p\u00e5 tandborste har du? GR\u00d6N<\/p>\n\n\n\n<p>Favorit f\u00e4rg? BL\u00c5<\/p>\n\n\n\n<p>Favorit bibelord? Vet inte<\/p>\n\n\n\n<p>N\u00e5got annat kul att veta om dig? Jag bor i sverige<\/p>\n","protected":false},"excerpt":{"rendered":"<p>Vilket \u00e5r \u00e4r du f\u00f6dd? 2004 Vilken skola g\u00e5r du p\u00e5? TIS UDDEVALLA Vad g\u00f6r du p\u00e5 fritiden? NON \u00d6gonf\u00e4rg?R\u00c5SA Vilken f\u00e4rg p\u00e5 tandborste har &hellip; <\/p>\n","protected":false},"author":1,"featured_media":0,"parent":0,"menu_order":0,"comment_status":"closed","ping_status":"closed","template":"","meta":{"footnotes":""},"class_list":["post-223","page","type-page","status-publish","hentry"],"_links":{"self":[{"href":"https:\/\/frojmark.net\/bibelskolanung\/wp-json\/wp\/v2\/pages\/223","targetHints":{"allow":["GET"]}}],"collection":[{"href":"https:\/\/frojmark.net\/bibelskolanung\/wp-json\/wp\/v2\/pages"}],"about":[{"href":"https:\/\/frojmark.net\/bibelskolanung\/wp-json\/wp\/v2\/types\/page"}],"author":[{"embeddable":true,"href":"https:\/\/frojmark.net\/bibelskolanung\/wp-json\/wp\/v2\/users\/1"}],"replies":[{"embeddable":true,"href":"https:\/\/frojmark.net\/bibelskolanung\/wp-json\/wp\/v2\/comments?post=223"}],"version-history":[{"count":1,"href":"https:\/\/frojmark.net\/bibelskolanung\/wp-json\/wp\/v2\/pages\/223\/revisions"}],"predecessor-version":[{"id":224,"href":"https:\/\/frojmark.net\/bibelskolanung\/wp-json\/wp\/v2\/pages\/223\/revisions\/224"}],"wp:attachment":[{"href":"https:\/\/frojmark.net\/bibelskolanung\/wp-json\/wp\/v2\/media?parent=223"}],"curies":[{"name":"wp","href":"https:\/\/api.w.org\/{rel}","templated":true}]}}