{"id":208,"date":"2021-03-16T10:26:33","date_gmt":"2021-03-16T09:26:33","guid":{"rendered":"https:\/\/frojmark.net\/bibelskolanung\/?page_id=208"},"modified":"2021-03-16T19:23:43","modified_gmt":"2021-03-16T18:23:43","slug":"iza-dalum-rydiander","status":"publish","type":"page","link":"https:\/\/frojmark.net\/bibelskolanung\/iza-dalum-rydiander\/","title":{"rendered":"Iza Dalum Rydiander"},"content":{"rendered":"\n<p>Iza Dalum Rydiander heter jag!<\/p>\n\n\n\n<p>F\u00f6ddes 2004<\/p>\n\n\n\n<p>G\u00e5r p\u00e5 c4:s gymnasium i Kristianstad&nbsp;<\/p>\n\n\n\n<p>P\u00e5 fritiden s\u00e5 h\u00e4nger jag med kompisar, l\u00e4ser och sjunger! Jag gillar \u00e4ven att m\u00e5la och var med mina djur.<\/p>\n\n\n\n<p>Jag har \u00f6gon som vissa dagar \u00e4r ljusbl\u00e5a, vissa m\u00f6rkbl\u00e5, vissa gr\u00e5a och andra svarta<\/p>\n\n\n\n<p>Min tandborste \u00e4r rosa med Barbie ahhahahha<\/p>\n\n\n\n<p>Jag \u00c4LSKAR gr\u00f6n och orange men har blivit lite k\u00e4r i ljusbl\u00e5 p\u00e5 senaste<\/p>\n\n\n\n<p>\u00c5hhhh&#8230;. jag \u00e4lskar verkligen HELA Efesierbrevet men isf ef 2 :13-22 summerar vad jag \u00e4lskar med bibeln!<\/p>\n\n\n\n<p>Jag \u00e4r beroende av te!!!!<\/p>\n\n\n\n<blockquote class=\"wp-block-quote is-style-default is-layout-flow wp-block-quote-is-layout-flow\"><p>Men nu, genom Kristus Jesus, har ni som tidigare var l\u00e5ngt borta kommit n\u00e4ra genom Kristi blod.\u00a0Han \u00e4r v\u00e5r frid, han som har gjort de tv\u00e5 till ett och rivit skiljemuren, fiendskapen. I sin kropp har han satt lagen ur kraft med dess bud och stadgar, f\u00f6r att i sig sj\u00e4lv g\u00f6ra de b\u00e5da till en enda ny m\u00e4nniska och s\u00e5 skapa frid. S\u00e5 skulle han f\u00f6rsona de b\u00e5da med Gud i en enda kropp genom korset, d\u00e4r han d\u00f6dade fiendskapen. Han har kommit och f\u00f6rkunnat frid f\u00f6r er som var l\u00e5ngt borta och frid f\u00f6r dem som var n\u00e4ra. Genom honom har vi b\u00e5da i en och samme Ande tilltr\u00e4de till Fadern. D\u00e4rf\u00f6r \u00e4r ni inte l\u00e4ngre g\u00e4ster och fr\u00e4mlingar, utan medborgare med de heliga och medlemmar i Guds familj. Ni \u00e4r uppbyggda p\u00e5 apostlarnas och profeternas grund, d\u00e4r h\u00f6rnstenen \u00e4r Kristus Jesus sj\u00e4lv. I honom fogas hela byggnaden samman och v\u00e4xer upp till ett heligt tempel i Herren, och i honom blir ocks\u00e5 ni sammanbyggda till en boning \u00e5t Gud genom Anden.<\/p><cite>Efesierbrevet 2 :13-22<\/cite><\/blockquote>\n","protected":false},"excerpt":{"rendered":"<p>Iza Dalum Rydiander heter jag! F\u00f6ddes 2004 G\u00e5r p\u00e5 c4:s gymnasium i Kristianstad&nbsp; P\u00e5 fritiden s\u00e5 h\u00e4nger jag med kompisar, l\u00e4ser och sjunger! Jag gillar &hellip; <\/p>\n","protected":false},"author":1,"featured_media":0,"parent":0,"menu_order":0,"comment_status":"closed","ping_status":"closed","template":"","meta":{"footnotes":""},"class_list":["post-208","page","type-page","status-publish","hentry"],"_links":{"self":[{"href":"https:\/\/frojmark.net\/bibelskolanung\/wp-json\/wp\/v2\/pages\/208","targetHints":{"allow":["GET"]}}],"collection":[{"href":"https:\/\/frojmark.net\/bibelskolanung\/wp-json\/wp\/v2\/pages"}],"about":[{"href":"https:\/\/frojmark.net\/bibelskolanung\/wp-json\/wp\/v2\/types\/page"}],"author":[{"embeddable":true,"href":"https:\/\/frojmark.net\/bibelskolanung\/wp-json\/wp\/v2\/users\/1"}],"replies":[{"embeddable":true,"href":"https:\/\/frojmark.net\/bibelskolanung\/wp-json\/wp\/v2\/comments?post=208"}],"version-history":[{"count":2,"href":"https:\/\/frojmark.net\/bibelskolanung\/wp-json\/wp\/v2\/pages\/208\/revisions"}],"predecessor-version":[{"id":246,"href":"https:\/\/frojmark.net\/bibelskolanung\/wp-json\/wp\/v2\/pages\/208\/revisions\/246"}],"wp:attachment":[{"href":"https:\/\/frojmark.net\/bibelskolanung\/wp-json\/wp\/v2\/media?parent=208"}],"curies":[{"name":"wp","href":"https:\/\/api.w.org\/{rel}","templated":true}]}}