{"id":177,"date":"2021-03-14T22:20:32","date_gmt":"2021-03-14T21:20:32","guid":{"rendered":"https:\/\/frojmark.net\/bibelskolanung\/?page_id=177"},"modified":"2021-03-14T22:20:33","modified_gmt":"2021-03-14T21:20:33","slug":"be-tillsammans","status":"publish","type":"page","link":"https:\/\/frojmark.net\/bibelskolanung\/be-tillsammans\/","title":{"rendered":"Be tillsammans!"},"content":{"rendered":"\n<p>Skriv en b\u00f6n och eller be f\u00f6r de dina syskon vill be f\u00f6r!<\/p>\n\n\n\n<hr class=\"wp-block-separator is-style-wide\"\/>\n\n\n\n<div class=\"wp-block-columns is-layout-flex wp-container-core-columns-is-layout-9d6595d7 wp-block-columns-is-layout-flex\">\n<div class=\"wp-block-column is-layout-flow wp-block-column-is-layout-flow\" style=\"flex-basis:33.33%\">\n<div class=\"wp-block-buttons is-layout-flex wp-block-buttons-is-layout-flex\">\n<div class=\"wp-block-button\"><a class=\"wp-block-button__link\" href=\"https:\/\/forms.gle\/9Wivy5FWxwAXkehE7\">Skriv en b\u00f6n!<\/a><\/div>\n<\/div>\n<\/div>\n\n\n\n<div class=\"wp-block-column is-layout-flow wp-block-column-is-layout-flow\" style=\"flex-basis:66.66%\">\n<figure class=\"wp-block-pullquote\"><blockquote><p>Ty d\u00e4r tv\u00e5 eller tre \u00e4r samlade i mitt namn \u00e4r jag mitt ibland dem<\/p><cite>Matteusevangeliet 18:20<\/cite><\/blockquote><\/figure>\n<\/div>\n<\/div>\n\n\n\n<hr class=\"wp-block-separator alignfull is-style-wide\"\/>\n\n\n\n<div class=\"wp-block-columns is-layout-flex wp-container-core-columns-is-layout-9d6595d7 wp-block-columns-is-layout-flex\">\n<div class=\"wp-block-column is-layout-flow wp-block-column-is-layout-flow\" style=\"flex-basis:50%\">\n<figure class=\"wp-block-pullquote\"><blockquote><p>Jag vill be f\u00f6r den h\u00e4r sidan! Att den ska f\u00e5 n\u00e5 ut och sprida ditt ord Gud!<\/p><cite>Jessika Fr\u00f6jmark<\/cite><\/blockquote><\/figure>\n<\/div>\n\n\n\n<div class=\"wp-block-column is-layout-flow wp-block-column-is-layout-flow\">\n<figure class=\"wp-block-image size-large\"><img loading=\"lazy\" decoding=\"async\" width=\"297\" height=\"298\" src=\"https:\/\/frojmark.net\/bibelskolanung\/wp-content\/uploads\/2021\/03\/Tjej-som-ber.jpg\" alt=\"\" class=\"wp-image-80\" srcset=\"https:\/\/frojmark.net\/bibelskolanung\/wp-content\/uploads\/2021\/03\/Tjej-som-ber.jpg 297w, https:\/\/frojmark.net\/bibelskolanung\/wp-content\/uploads\/2021\/03\/Tjej-som-ber-150x150.jpg 150w, https:\/\/frojmark.net\/bibelskolanung\/wp-content\/uploads\/2021\/03\/Tjej-som-ber-60x60.jpg 60w\" sizes=\"auto, (max-width: 297px) 100vw, 297px\" \/><figcaption>Tack Gud f\u00f6r att du h\u00f6r b\u00f6n!!!<\/figcaption><\/figure>\n<\/div>\n<\/div>\n","protected":false},"excerpt":{"rendered":"<p>Skriv en b\u00f6n och eller be f\u00f6r de dina syskon vill be f\u00f6r! Ty d\u00e4r tv\u00e5 eller tre \u00e4r samlade i mitt namn \u00e4r jag &hellip; <\/p>\n","protected":false},"author":1,"featured_media":0,"parent":0,"menu_order":0,"comment_status":"closed","ping_status":"closed","template":"","meta":{"footnotes":""},"class_list":["post-177","page","type-page","status-publish","hentry"],"_links":{"self":[{"href":"https:\/\/frojmark.net\/bibelskolanung\/wp-json\/wp\/v2\/pages\/177","targetHints":{"allow":["GET"]}}],"collection":[{"href":"https:\/\/frojmark.net\/bibelskolanung\/wp-json\/wp\/v2\/pages"}],"about":[{"href":"https:\/\/frojmark.net\/bibelskolanung\/wp-json\/wp\/v2\/types\/page"}],"author":[{"embeddable":true,"href":"https:\/\/frojmark.net\/bibelskolanung\/wp-json\/wp\/v2\/users\/1"}],"replies":[{"embeddable":true,"href":"https:\/\/frojmark.net\/bibelskolanung\/wp-json\/wp\/v2\/comments?post=177"}],"version-history":[{"count":1,"href":"https:\/\/frojmark.net\/bibelskolanung\/wp-json\/wp\/v2\/pages\/177\/revisions"}],"predecessor-version":[{"id":178,"href":"https:\/\/frojmark.net\/bibelskolanung\/wp-json\/wp\/v2\/pages\/177\/revisions\/178"}],"wp:attachment":[{"href":"https:\/\/frojmark.net\/bibelskolanung\/wp-json\/wp\/v2\/media?parent=177"}],"curies":[{"name":"wp","href":"https:\/\/api.w.org\/{rel}","templated":true}]}}