{"id":167,"date":"2021-03-14T20:52:55","date_gmt":"2021-03-14T19:52:55","guid":{"rendered":"https:\/\/frojmark.net\/bibelskolanung\/?page_id=167"},"modified":"2021-03-17T09:46:32","modified_gmt":"2021-03-17T08:46:32","slug":"jessika-frojmark","status":"publish","type":"page","link":"https:\/\/frojmark.net\/bibelskolanung\/jessika-frojmark\/","title":{"rendered":"Jessika Fr\u00f6jmark"},"content":{"rendered":"\n<p>Hellooo! Mitt namn \u00e4r Jessika och jag \u00e4r f\u00f6dd p\u00e5 h\u00f6sten \u00e5r 2004. G\u00e5r Teknik p\u00e5 Franklins Gymnasium och \u00e4r v\u00e4ldigt n\u00f6jd! P\u00e5 fritiden umg\u00e5s jag med kompisar och tr\u00e4nar. Ibland \u00e4r jag lite mer kreativ och skriver p\u00e5 min bok eller texter till hemsidan. Medan andra dagar \u00e4r jag lite mer teknisk och programmerar. Min \u00f6gonf\u00e4rg \u00e4r gr\u00f6n och min tandborste \u00e4r rosa. Min favoritf\u00e4rg har alltid varit r\u00f6d.<\/p>\n\n\n\n<p>Det finns s\u00e5 m\u00e5nga olika bra bibelord men ett av mina favoriter m\u00e5ste nog vara den jag har p\u00e5 min Instagram &#8220;Bevara mig som din \u00f6gonsten, g\u00f6m mig i dina vingars skugga&#8221; Psaltaren 17:8 Den ger en betryggande k\u00e4nsla.<\/p>\n\n\n\n<p>Jag jobbar med barn och \u00e4lskar det! Jag l\u00e4ste Barnbibeln f\u00f6r mina klasskamrater i 3an. Jag \u00e4r beroende i kl\u00e4der och jag \u00e4lskar att kl\u00e4ttra! Jag har v\u00e4rldens s\u00f6taste bror. Jag \u00e4r redakt\u00f6r och webbmaster f\u00f6r den h\u00e4r sidan! Min farfar som \u00e4r pr\u00e4st och min farmor, \u00e4r de som l\u00e4ser igenom alla texter!! Jag har en egen <a href=\"https:\/\/frojmark.net\/jessika\/\" data-type=\"URL\" data-id=\"https:\/\/frojmark.net\/jessika\/\">hemsida<\/a>, kolla g\u00e4rna in den!<\/p>\n","protected":false},"excerpt":{"rendered":"<p>Hellooo! Mitt namn \u00e4r Jessika och jag \u00e4r f\u00f6dd p\u00e5 h\u00f6sten \u00e5r 2004. G\u00e5r Teknik p\u00e5 Franklins Gymnasium och \u00e4r v\u00e4ldigt n\u00f6jd! P\u00e5 fritiden umg\u00e5s &hellip; <\/p>\n","protected":false},"author":1,"featured_media":0,"parent":0,"menu_order":0,"comment_status":"closed","ping_status":"closed","template":"","meta":{"footnotes":""},"class_list":["post-167","page","type-page","status-publish","hentry"],"_links":{"self":[{"href":"https:\/\/frojmark.net\/bibelskolanung\/wp-json\/wp\/v2\/pages\/167","targetHints":{"allow":["GET"]}}],"collection":[{"href":"https:\/\/frojmark.net\/bibelskolanung\/wp-json\/wp\/v2\/pages"}],"about":[{"href":"https:\/\/frojmark.net\/bibelskolanung\/wp-json\/wp\/v2\/types\/page"}],"author":[{"embeddable":true,"href":"https:\/\/frojmark.net\/bibelskolanung\/wp-json\/wp\/v2\/users\/1"}],"replies":[{"embeddable":true,"href":"https:\/\/frojmark.net\/bibelskolanung\/wp-json\/wp\/v2\/comments?post=167"}],"version-history":[{"count":4,"href":"https:\/\/frojmark.net\/bibelskolanung\/wp-json\/wp\/v2\/pages\/167\/revisions"}],"predecessor-version":[{"id":267,"href":"https:\/\/frojmark.net\/bibelskolanung\/wp-json\/wp\/v2\/pages\/167\/revisions\/267"}],"wp:attachment":[{"href":"https:\/\/frojmark.net\/bibelskolanung\/wp-json\/wp\/v2\/media?parent=167"}],"curies":[{"name":"wp","href":"https:\/\/api.w.org\/{rel}","templated":true}]}}