{"id":165,"date":"2021-03-14T20:52:28","date_gmt":"2021-03-14T19:52:28","guid":{"rendered":"https:\/\/frojmark.net\/bibelskolanung\/?page_id=165"},"modified":"2021-03-16T19:16:51","modified_gmt":"2021-03-16T18:16:51","slug":"linn-eriksson","status":"publish","type":"page","link":"https:\/\/frojmark.net\/bibelskolanung\/linn-eriksson\/","title":{"rendered":"Linn Eriksson"},"content":{"rendered":"\n<p>Hej! Jag heter Linn Eriksson och f\u00f6ddes den 15 december 2004. I dagsl\u00e4get g\u00e5r jag i ettan p\u00e5 franklins gymnasium. Men n\u00e4r jag inte pluggar tycker jag om att spela olika instrument som t.ex guitar, balalajka eller munspel men ocks\u00e5 att tr\u00e4na taekwondo och k\u00f6ra slackline. Jag har bl\u00e5a \u00f6gon som ibland kan skifta lite mot gr\u00f6nt och min tandborste \u00e4r bl\u00e5 (ja, v\u00e4ldigt viktig info) eftersom det \u00e4r min favoritf\u00e4rg. N\u00e4r det kommer till mitt favvo-bibelord s\u00e5 m\u00e5ste jag s\u00e4ga<\/p>\n\n\n\n<blockquote class=\"wp-block-quote is-style-default is-layout-flow wp-block-quote-is-layout-flow\"><p>&#8220;Om de faller, kan den ene resa upp den andre. Men ve den ensamme! Om han faller, finns det inte n\u00e5gon som kan resa upp honom&#8221;<\/p><cite>Predikaren 4:10<\/cite><\/blockquote>\n\n\n\n<p>d\u00e5 det har en stor betydelse f\u00f6r mig! En annan sak som kan vara rolig att veta \u00e4r att jag \u00e4lskar att bygga teknik och allt vad det inneb\u00e4r!<\/p>\n","protected":false},"excerpt":{"rendered":"<p>Hej! Jag heter Linn Eriksson och f\u00f6ddes den 15 december 2004. I dagsl\u00e4get g\u00e5r jag i ettan p\u00e5 franklins gymnasium. Men n\u00e4r jag inte pluggar &hellip; <\/p>\n","protected":false},"author":1,"featured_media":0,"parent":0,"menu_order":0,"comment_status":"closed","ping_status":"closed","template":"","meta":{"footnotes":""},"class_list":["post-165","page","type-page","status-publish","hentry"],"_links":{"self":[{"href":"https:\/\/frojmark.net\/bibelskolanung\/wp-json\/wp\/v2\/pages\/165","targetHints":{"allow":["GET"]}}],"collection":[{"href":"https:\/\/frojmark.net\/bibelskolanung\/wp-json\/wp\/v2\/pages"}],"about":[{"href":"https:\/\/frojmark.net\/bibelskolanung\/wp-json\/wp\/v2\/types\/page"}],"author":[{"embeddable":true,"href":"https:\/\/frojmark.net\/bibelskolanung\/wp-json\/wp\/v2\/users\/1"}],"replies":[{"embeddable":true,"href":"https:\/\/frojmark.net\/bibelskolanung\/wp-json\/wp\/v2\/comments?post=165"}],"version-history":[{"count":2,"href":"https:\/\/frojmark.net\/bibelskolanung\/wp-json\/wp\/v2\/pages\/165\/revisions"}],"predecessor-version":[{"id":243,"href":"https:\/\/frojmark.net\/bibelskolanung\/wp-json\/wp\/v2\/pages\/165\/revisions\/243"}],"wp:attachment":[{"href":"https:\/\/frojmark.net\/bibelskolanung\/wp-json\/wp\/v2\/media?parent=165"}],"curies":[{"name":"wp","href":"https:\/\/api.w.org\/{rel}","templated":true}]}}