{"id":163,"date":"2021-03-14T20:51:50","date_gmt":"2021-03-14T19:51:50","guid":{"rendered":"https:\/\/frojmark.net\/bibelskolanung\/?page_id=163"},"modified":"2021-03-15T11:22:37","modified_gmt":"2021-03-15T10:22:37","slug":"lova-viklund","status":"publish","type":"page","link":"https:\/\/frojmark.net\/bibelskolanung\/lova-viklund\/","title":{"rendered":"Lova Viklund"},"content":{"rendered":"\n<p>Hej! Mitt namn \u00e4r Lova och jag f\u00f6ddes 2004. G\u00e5r i ettan p\u00e5 Per Brahegymnasiet och p\u00e5 fritiden \u00e4lskar jag att dansa, springa och vara med v\u00e4nner. Min \u00f6gonf\u00e4rg \u00e4r bl\u00e5 och tandborsten \u00e4r just nu gul :)) En av m\u00e5nga favoritf\u00e4rger \u00e4r ljuslila.\u00a0<\/p>\n\n\n\n<p>Mitt favorit bibelord \u00e4r:<\/p>\n\n\n\n<p>\u201dEtt enda ber jag Herren om, detta beg\u00e4r jag: att f\u00e5 vara i Herrens hus varje dag i mitt liv f\u00f6r att se Herrens ljuvlighet och s\u00f6ka svar i hans tempel.\u201d \u202d\u202dPsaltaren\u202c \u202d27:4\u202c \u202d<\/p>\n\n\n\n<p>L\u00e4ngtar till evigheten &lt;3<\/p>\n","protected":false},"excerpt":{"rendered":"<p>Hej! Mitt namn \u00e4r Lova och jag f\u00f6ddes 2004. G\u00e5r i ettan p\u00e5 Per Brahegymnasiet och p\u00e5 fritiden \u00e4lskar jag att dansa, springa och vara &hellip; <\/p>\n","protected":false},"author":1,"featured_media":0,"parent":0,"menu_order":0,"comment_status":"closed","ping_status":"closed","template":"","meta":{"footnotes":""},"class_list":["post-163","page","type-page","status-publish","hentry"],"_links":{"self":[{"href":"https:\/\/frojmark.net\/bibelskolanung\/wp-json\/wp\/v2\/pages\/163","targetHints":{"allow":["GET"]}}],"collection":[{"href":"https:\/\/frojmark.net\/bibelskolanung\/wp-json\/wp\/v2\/pages"}],"about":[{"href":"https:\/\/frojmark.net\/bibelskolanung\/wp-json\/wp\/v2\/types\/page"}],"author":[{"embeddable":true,"href":"https:\/\/frojmark.net\/bibelskolanung\/wp-json\/wp\/v2\/users\/1"}],"replies":[{"embeddable":true,"href":"https:\/\/frojmark.net\/bibelskolanung\/wp-json\/wp\/v2\/comments?post=163"}],"version-history":[{"count":2,"href":"https:\/\/frojmark.net\/bibelskolanung\/wp-json\/wp\/v2\/pages\/163\/revisions"}],"predecessor-version":[{"id":181,"href":"https:\/\/frojmark.net\/bibelskolanung\/wp-json\/wp\/v2\/pages\/163\/revisions\/181"}],"wp:attachment":[{"href":"https:\/\/frojmark.net\/bibelskolanung\/wp-json\/wp\/v2\/media?parent=163"}],"curies":[{"name":"wp","href":"https:\/\/api.w.org\/{rel}","templated":true}]}}