{"id":156,"date":"2021-03-14T20:48:53","date_gmt":"2021-03-14T19:48:53","guid":{"rendered":"https:\/\/frojmark.net\/bibelskolanung\/?page_id=156"},"modified":"2021-03-16T19:18:31","modified_gmt":"2021-03-16T18:18:31","slug":"ruben-gellerstedt","status":"publish","type":"page","link":"https:\/\/frojmark.net\/bibelskolanung\/ruben-gellerstedt\/","title":{"rendered":"Ruben Gellerstedt"},"content":{"rendered":"\n<p>F\u00f6delse\u00e5r: 2004<\/p>\n\n\n\n<p>Skola: Peder skrivares skola&nbsp;<\/p>\n\n\n\n<p>Fritid: Spelar datorspel, tr\u00e4nar, h\u00e4nger med v\u00e4nner<\/p>\n\n\n\n<p>\u00d6gonf\u00e4rg: Gr\u00f6n<\/p>\n\n\n\n<p>Tandborstf\u00e4rg: Turkos<\/p>\n\n\n\n<p>Favorit F\u00e4rg: Marinbl\u00e5tt&nbsp;&nbsp;<\/p>\n\n\n\n<p>Bibelord: Rejoice always, pray continually,, give thanks in all circumstances; for this is God\u2019s will for you in Christ Jesus.\u00a0 Thess 1:16-18<\/p>\n\n\n\n<p>N\u00e5got kul om mig: \u00c4r skitr\u00e4dd&nbsp; f\u00f6r h\u00f6ga h\u00f6jder<\/p>\n","protected":false},"excerpt":{"rendered":"<p>F\u00f6delse\u00e5r: 2004 Skola: Peder skrivares skola&nbsp; Fritid: Spelar datorspel, tr\u00e4nar, h\u00e4nger med v\u00e4nner \u00d6gonf\u00e4rg: Gr\u00f6n Tandborstf\u00e4rg: Turkos Favorit F\u00e4rg: Marinbl\u00e5tt&nbsp;&nbsp; Bibelord: Rejoice always, pray continually,, &hellip; <\/p>\n","protected":false},"author":1,"featured_media":0,"parent":0,"menu_order":0,"comment_status":"closed","ping_status":"closed","template":"","meta":{"footnotes":""},"class_list":["post-156","page","type-page","status-publish","hentry"],"_links":{"self":[{"href":"https:\/\/frojmark.net\/bibelskolanung\/wp-json\/wp\/v2\/pages\/156","targetHints":{"allow":["GET"]}}],"collection":[{"href":"https:\/\/frojmark.net\/bibelskolanung\/wp-json\/wp\/v2\/pages"}],"about":[{"href":"https:\/\/frojmark.net\/bibelskolanung\/wp-json\/wp\/v2\/types\/page"}],"author":[{"embeddable":true,"href":"https:\/\/frojmark.net\/bibelskolanung\/wp-json\/wp\/v2\/users\/1"}],"replies":[{"embeddable":true,"href":"https:\/\/frojmark.net\/bibelskolanung\/wp-json\/wp\/v2\/comments?post=156"}],"version-history":[{"count":2,"href":"https:\/\/frojmark.net\/bibelskolanung\/wp-json\/wp\/v2\/pages\/156\/revisions"}],"predecessor-version":[{"id":244,"href":"https:\/\/frojmark.net\/bibelskolanung\/wp-json\/wp\/v2\/pages\/156\/revisions\/244"}],"wp:attachment":[{"href":"https:\/\/frojmark.net\/bibelskolanung\/wp-json\/wp\/v2\/media?parent=156"}],"curies":[{"name":"wp","href":"https:\/\/api.w.org\/{rel}","templated":true}]}}